{"id":22991232,"date":"2022-10-07T11:52:26","date_gmt":"2022-10-07T09:52:26","guid":{"rendered":"https:\/\/spaghetti-und-stars.com\/beispiel-seite\/"},"modified":"2025-09-25T14:40:15","modified_gmt":"2025-09-25T12:40:15","slug":"beispiel-seite","status":"publish","type":"page","link":"https:\/\/spaghetti-und-stars.com\/en\/","title":{"rendered":"Landingpage"},"content":{"rendered":"<p>[et_pb_section fb_built=&#8221;1&#8243; fullwidth=&#8221;on&#8221; _builder_version=&#8221;4.18.0&#8243; _module_preset=&#8221;default&#8221; global_colors_info=&#8221;{}&#8221; theme_builder_area=&#8221;post_content&#8221;][et_pb_fullwidth_slider arrows_custom_color=&#8221;#FFFFFF&#8221; dot_nav_custom_color=&#8221;#FFFFFF&#8221; _builder_version=&#8221;4.27.4&#8243; _module_preset=&#8221;default&#8221; header_level=&#8221;h1&#8243; body_font_size=&#8221;18px&#8221; custom_padding=&#8221;35vh||25vh||false|false&#8221; auto=&#8221;on&#8221; auto_speed=&#8221;4000&#8243; body_font_size_tablet=&#8221;16px&#8221; body_font_size_phone=&#8221;16px&#8221; body_font_size_last_edited=&#8221;on|phone&#8221; global_colors_info=&#8221;{}&#8221; theme_builder_area=&#8221;post_content&#8221;][et_pb_slide heading=&#8221;Catering &#038; Events&#8221; _builder_version=&#8221;4.27.4&#8243; _module_preset=&#8221;default&#8221; header_level=&#8221;h1&#8243; background_color=&#8221;#000000&#8243; background_enable_color=&#8221;on&#8221; use_background_color_gradient=&#8221;on&#8221; background_color_gradient_stops=&#8221;rgba(255,255,255,0) 0%|rgba(0,0,0,0.5) 100%&#8221; background_color_gradient_overlays_image=&#8221;on&#8221; background_image=&#8221;https:\/\/spaghetti-und-stars.com\/wp-content\/uploads\/2025\/09\/event_bg_lp.jpg&#8221; background_enable_image=&#8221;on&#8221; text_orientation=&#8221;center&#8221; custom_css_slide_title=&#8221;animation-name: none;&#8221; custom_css_slide_description=&#8221;animation-name: none;&#8221; global_colors_info=&#8221;{}&#8221; sticky_transition=&#8221;on&#8221; theme_builder_area=&#8221;post_content&#8221;]<\/p>\n<p>Full-service catering, from planning to execution.<\/p>\n<p>[\/et_pb_slide][\/et_pb_fullwidth_slider][\/et_pb_section][et_pb_section fb_built=&#8221;1&#8243; _builder_version=&#8221;4.27.4&#8243; _module_preset=&#8221;default&#8221; background_image=&#8221;https:\/\/spaghetti-und-stars.com\/wp-content\/uploads\/2023\/01\/spaghetti_und_stars_antonio_impagnatiello_background.jpg&#8221; parallax=&#8221;on&#8221; parallax_method=&#8221;off&#8221; custom_css_main_element=&#8221;background-repeat: no-repeat; ||\tbackground-size:cover; ||\tbackground-attachment:fixed;&#8221; global_colors_info=&#8221;{}&#8221; theme_builder_area=&#8221;post_content&#8221;][et_pb_row _builder_version=&#8221;4.27.4&#8243; _module_preset=&#8221;default&#8221; background_image=&#8221;https:\/\/spaghetti-und-stars.com\/wp-content\/uploads\/2025\/09\/bg_stars-scaled.png&#8221; background_size=&#8221;contain&#8221; background_position=&#8221;top_center&#8221; width=&#8221;90%&#8221; width_tablet=&#8221;90%&#8221; width_phone=&#8221;90%&#8221; width_last_edited=&#8221;on|desktop&#8221; max_width=&#8221;100%&#8221; module_alignment=&#8221;center&#8221; global_colors_info=&#8221;{}&#8221; theme_builder_area=&#8221;post_content&#8221;][et_pb_column type=&#8221;4_4&#8243; _builder_version=&#8221;4.18.0&#8243; _module_preset=&#8221;default&#8221; global_colors_info=&#8221;{}&#8221; theme_builder_area=&#8221;post_content&#8221;][et_pb_text _builder_version=&#8221;4.27.4&#8243; _module_preset=&#8221;default&#8221; text_orientation=&#8221;center&#8221; max_width=&#8221;1024px&#8221; module_alignment=&#8221;center&#8221; global_colors_info=&#8221;{}&#8221; theme_builder_area=&#8221;post_content&#8221;]<\/p>\n<p>Whether it&#8217;s a birthday, anniversary, company party, or wedding, our generous offers provide you with an all-inclusive package for every occasion. Spaghetti und Stars is also a reliable partner for your customers from all over the world in the business areas of major national and international events, such as trade fairs, galas, banquet events, concerts, music productions, and major sporting events.<\/p>\n<p>Tailored to your individual wishes and ideas, our dedicated team of experienced kitchen and service staff will be at your side every step of the way.<\/p>\n<p>[\/et_pb_text][et_pb_image src=&#8221;https:\/\/spaghetti-und-stars.com\/wp-content\/uploads\/2025\/09\/stars.png&#8221; title_text=&#8221;stars&#8221; align=&#8221;center&#8221; _builder_version=&#8221;4.27.4&#8243; _module_preset=&#8221;default&#8221; width_tablet=&#8221;120px&#8221; width_phone=&#8221;100px&#8221; width_last_edited=&#8221;on|desktop&#8221; custom_margin=&#8221;5vh||5vh||true|false&#8221; global_colors_info=&#8221;{}&#8221; theme_builder_area=&#8221;post_content&#8221;][\/et_pb_image][\/et_pb_column][\/et_pb_row][et_pb_row column_structure=&#8221;1_3,1_3,1_3&#8243; _builder_version=&#8221;4.27.4&#8243; _module_preset=&#8221;default&#8221; global_colors_info=&#8221;{}&#8221; theme_builder_area=&#8221;post_content&#8221;][et_pb_column type=&#8221;1_3&#8243; _builder_version=&#8221;4.27.4&#8243; _module_preset=&#8221;default&#8221; global_colors_info=&#8221;{}&#8221; theme_builder_area=&#8221;post_content&#8221;][et_pb_blurb title=&#8221;Fingerfood &#038; Canapes&#8221; url=&#8221;https:\/\/spaghetti-und-stars.com\/en\/fingerfood-canapes\/&#8221; image=&#8221;https:\/\/spaghetti-und-stars.com\/wp-content\/uploads\/2025\/09\/fingerfood.jpg&#8221; alt=&#8221;Canapes&#8221; _builder_version=&#8221;4.27.4&#8243; _module_preset=&#8221;default&#8221; header_level=&#8221;h3&#8243; header_font=&#8221;|||on|||||&#8221; header_text_align=&#8221;center&#8221; header_text_color=&#8221;#FFFFFF&#8221; hover_enabled=&#8221;0&#8243; header_font_size_tablet=&#8221;&#8221; header_font_size_phone=&#8221;&#8221; header_font_size_last_edited=&#8221;on|desktop&#8221; global_colors_info=&#8221;{}&#8221; custom_css_blurb_image_last_edited=&#8221;off|desktop&#8221; custom_css_blurb_image_tablet=&#8221;height:250px;||object-fit: cover!important;&#8221; custom_css_blurb_image_phone=&#8221;height:180px;||object-fit: cover!important;&#8221; child_filter_opacity__hover_enabled=&#8221;on|hover&#8221; child_filter_opacity__hover=&#8221;30%&#8221; theme_builder_area=&#8221;post_content&#8221; title_text=&#8221;Appetizer with roe on bread&#8221; sticky_enabled=&#8221;0&#8243;][\/et_pb_blurb][\/et_pb_column][et_pb_column type=&#8221;1_3&#8243; _builder_version=&#8221;4.27.4&#8243; _module_preset=&#8221;default&#8221; global_colors_info=&#8221;{}&#8221; theme_builder_area=&#8221;post_content&#8221;][et_pb_blurb title=&#8221;Flying Menu&#8221; url=&#8221;https:\/\/spaghetti-und-stars.com\/en\/flying-menu\/&#8221; image=&#8221;https:\/\/spaghetti-und-stars.com\/wp-content\/uploads\/2025\/09\/flyingmenue.jpg&#8221; alt=&#8221;Flying buffet&#8221; _builder_version=&#8221;4.27.4&#8243; _module_preset=&#8221;default&#8221; header_level=&#8221;h3&#8243; header_font=&#8221;|||on|||||&#8221; header_text_align=&#8221;center&#8221; header_text_color=&#8221;#FFFFFF&#8221; hover_enabled=&#8221;0&#8243; header_font_size_tablet=&#8221;&#8221; header_font_size_phone=&#8221;&#8221; header_font_size_last_edited=&#8221;on|desktop&#8221; global_colors_info=&#8221;{}&#8221; custom_css_blurb_image_last_edited=&#8221;off|desktop&#8221; custom_css_blurb_image_tablet=&#8221;height:250px;||object-fit: cover!important;&#8221; custom_css_blurb_image_phone=&#8221;height:180px;||object-fit: cover!important;&#8221; child_filter_opacity__hover_enabled=&#8221;on|hover&#8221; child_filter_opacity__hover=&#8221;30%&#8221; theme_builder_area=&#8221;post_content&#8221; title_text=&#8221;Various sweet desserts, appetizers, and finger foods are arranged on a buffet table, ready for party guests to enjoy.&#8221; sticky_enabled=&#8221;0&#8243;][\/et_pb_blurb][\/et_pb_column][et_pb_column type=&#8221;1_3&#8243; _builder_version=&#8221;4.27.4&#8243; _module_preset=&#8221;default&#8221; global_colors_info=&#8221;{}&#8221; theme_builder_area=&#8221;post_content&#8221;][et_pb_blurb title=&#8221;Streetfood &#038; Foodtrucks&#8221; url=&#8221;https:\/\/spaghetti-und-stars.com\/en\/streetfood-foodtrucks\/&#8221; image=&#8221;https:\/\/spaghetti-und-stars.com\/wp-content\/uploads\/2025\/09\/streetfood.jpg&#8221; alt=&#8221;Flying buffet&#8221; _builder_version=&#8221;4.27.4&#8243; _module_preset=&#8221;default&#8221; header_level=&#8221;h3&#8243; header_font=&#8221;|||on|||||&#8221; header_text_align=&#8221;center&#8221; header_text_color=&#8221;#FFFFFF&#8221; hover_enabled=&#8221;0&#8243; header_font_size_tablet=&#8221;&#8221; header_font_size_phone=&#8221;&#8221; header_font_size_last_edited=&#8221;on|desktop&#8221; global_colors_info=&#8221;{}&#8221; custom_css_blurb_image_last_edited=&#8221;off|desktop&#8221; custom_css_blurb_image_tablet=&#8221;height:250px;||object-fit: cover!important;&#8221; custom_css_blurb_image_phone=&#8221;height:180px;||object-fit: cover!important;&#8221; child_filter_opacity__hover_enabled=&#8221;on|hover&#8221; child_filter_opacity__hover=&#8221;30%&#8221; theme_builder_area=&#8221;post_content&#8221; title_text=&#8221;Hamburger food truck.&#8221; sticky_enabled=&#8221;0&#8243;][\/et_pb_blurb][\/et_pb_column][\/et_pb_row][et_pb_row column_structure=&#8221;1_3,1_3,1_3&#8243; _builder_version=&#8221;4.27.4&#8243; _module_preset=&#8221;default&#8221; global_colors_info=&#8221;{}&#8221; theme_builder_area=&#8221;post_content&#8221;][et_pb_column type=&#8221;1_3&#8243; _builder_version=&#8221;4.27.4&#8243; _module_preset=&#8221;default&#8221; global_colors_info=&#8221;{}&#8221; theme_builder_area=&#8221;post_content&#8221;][et_pb_blurb title=&#8221;Mediterranean buffet&#8221; url=&#8221;https:\/\/spaghetti-und-stars.com\/en\/mediterranean-buffet\/&#8221; image=&#8221;https:\/\/spaghetti-und-stars.com\/wp-content\/uploads\/2025\/09\/mediteranes_bueffet.jpg&#8221; alt=&#8221;mediterranes buffet&#8221; _builder_version=&#8221;4.27.4&#8243; _module_preset=&#8221;default&#8221; header_level=&#8221;h3&#8243; header_font=&#8221;|||on|||||&#8221; header_text_align=&#8221;center&#8221; header_text_color=&#8221;#FFFFFF&#8221; hover_enabled=&#8221;0&#8243; header_font_size_tablet=&#8221;&#8221; header_font_size_phone=&#8221;&#8221; header_font_size_last_edited=&#8221;on|desktop&#8221; global_colors_info=&#8221;{}&#8221; custom_css_blurb_image_last_edited=&#8221;off|desktop&#8221; custom_css_blurb_image_tablet=&#8221;height:250px;||object-fit: cover!important;&#8221; custom_css_blurb_image_phone=&#8221;height:180px;||object-fit: cover!important;&#8221; child_filter_opacity__hover_enabled=&#8221;on|hover&#8221; child_filter_opacity__hover=&#8221;30%&#8221; theme_builder_area=&#8221;post_content&#8221; title_text=&#8221;Variety of Mediterranean Seafood and Dishes Displayed at a Market in Palermo&#8221; sticky_enabled=&#8221;0&#8243;][\/et_pb_blurb][\/et_pb_column][et_pb_column type=&#8221;1_3&#8243; _builder_version=&#8221;4.27.4&#8243; _module_preset=&#8221;default&#8221; global_colors_info=&#8221;{}&#8221; theme_builder_area=&#8221;post_content&#8221;][et_pb_blurb title=&#8221;Live Show-Cooking&#8221; url=&#8221;https:\/\/spaghetti-und-stars.com\/en\/live-cooking\/&#8221; image=&#8221;https:\/\/spaghetti-und-stars.com\/wp-content\/uploads\/2025\/09\/showcooking.jpg&#8221; alt=&#8221;Flying buffet&#8221; _builder_version=&#8221;4.27.4&#8243; _module_preset=&#8221;default&#8221; header_level=&#8221;h3&#8243; header_font=&#8221;|||on|||||&#8221; header_text_align=&#8221;center&#8221; header_text_color=&#8221;#FFFFFF&#8221; hover_enabled=&#8221;0&#8243; header_font_size_tablet=&#8221;&#8221; header_font_size_phone=&#8221;&#8221; header_font_size_last_edited=&#8221;on|desktop&#8221; global_colors_info=&#8221;{}&#8221; custom_css_blurb_image_last_edited=&#8221;off|desktop&#8221; custom_css_blurb_image_tablet=&#8221;height:250px;||object-fit: cover!important;&#8221; custom_css_blurb_image_phone=&#8221;height:180px;||object-fit: cover!important;&#8221; child_filter_opacity__hover_enabled=&#8221;on|hover&#8221; child_filter_opacity__hover=&#8221;30%&#8221; theme_builder_area=&#8221;post_content&#8221; title_text=&#8221;Chef at the Pass Preparing a Dish of Ballotine of Chicken&#8221; sticky_enabled=&#8221;0&#8243;][\/et_pb_blurb][\/et_pb_column][et_pb_column type=&#8221;1_3&#8243; _builder_version=&#8221;4.27.4&#8243; _module_preset=&#8221;default&#8221; global_colors_info=&#8221;{}&#8221; theme_builder_area=&#8221;post_content&#8221;][et_pb_blurb title=&#8221;Menus&#8221; url=&#8221;https:\/\/spaghetti-und-stars.com\/en\/menus\/&#8221; image=&#8221;https:\/\/spaghetti-und-stars.com\/wp-content\/uploads\/2025\/09\/menue.jpg&#8221; alt=&#8221;Men\u00fc&#8221; _builder_version=&#8221;4.27.4&#8243; _module_preset=&#8221;default&#8221; header_level=&#8221;h3&#8243; header_font=&#8221;|||on|||||&#8221; header_text_align=&#8221;center&#8221; header_text_color=&#8221;#FFFFFF&#8221; hover_enabled=&#8221;0&#8243; header_font_size_tablet=&#8221;&#8221; header_font_size_phone=&#8221;&#8221; header_font_size_last_edited=&#8221;on|desktop&#8221; global_colors_info=&#8221;{}&#8221; custom_css_blurb_image_last_edited=&#8221;off|desktop&#8221; custom_css_blurb_image_tablet=&#8221;height:250px;||object-fit: cover!important;&#8221; custom_css_blurb_image_phone=&#8221;height:180px;||object-fit: cover!important;&#8221; child_filter_opacity__hover_enabled=&#8221;on|hover&#8221; child_filter_opacity__hover=&#8221;30%&#8221; theme_builder_area=&#8221;post_content&#8221; title_text=&#8221;grilled tuna with baby carrot and mashpotato&#8221; sticky_enabled=&#8221;0&#8243;][\/et_pb_blurb][\/et_pb_column][\/et_pb_row][et_pb_row _builder_version=&#8221;4.27.4&#8243; _module_preset=&#8221;default&#8221; global_colors_info=&#8221;{}&#8221; theme_builder_area=&#8221;post_content&#8221;][et_pb_column type=&#8221;4_4&#8243; _builder_version=&#8221;4.27.4&#8243; _module_preset=&#8221;default&#8221; global_colors_info=&#8221;{}&#8221; theme_builder_area=&#8221;post_content&#8221;][et_pb_button button_url=&#8221;https:\/\/spaghetti-und-stars.com\/en\/contact\/&#8221; button_text=&#8221;Schedule an appointment now!&#8221; button_alignment=&#8221;center&#8221; _builder_version=&#8221;4.27.4&#8243; _module_preset=&#8221;default&#8221; global_colors_info=&#8221;{}&#8221; theme_builder_area=&#8221;post_content&#8221;][\/et_pb_button][\/et_pb_column][\/et_pb_row][\/et_pb_section]<\/p>\n","protected":false},"excerpt":{"rendered":"<p>Full-service catering, from planning to execution.Whether it&#8217;s a birthday, anniversary, company party, or wedding, our generous offers provide you with an all-inclusive package for every occasion. Spaghetti und Stars is also a reliable partner for your customers from all over the world in the business areas of major national and international events, such as trade [&hellip;]<\/p>\n","protected":false},"author":1,"featured_media":0,"parent":0,"menu_order":0,"comment_status":"closed","ping_status":"closed","template":"","meta":{"_et_pb_use_builder":"on","_et_pb_old_content":"<!-- wp:paragraph -->\r\n<p>Dies ist eine Beispiel-Seite. Sie unterscheidet sich von Beitr\u00e4gen, da sie stets an derselben Stelle bleibt und (bei den meisten Themes) in der Website-Navigation angezeigt wird. Die meisten starten mit einem Impressum, der Datenschutzerkl\u00e4rung oder einer \u201e\u00dcber\u00a0uns\u201c-Seite, um sich potenziellen Besuchern der Website vorzustellen. Dort k\u00f6nnte zum Beispiel stehen:<\/p>\r\n<!-- \/wp:paragraph -->\r\n\r\n<!-- wp:quote -->\r\n<blockquote class=\"wp-block-quote\"><p>Hallo! Tags\u00fcber arbeite ich als Fahrradkurier, nachts bin ich ein aufstrebender Schauspieler und dies hier ist meine Website. Ich lebe in Berlin, habe einen gro\u00dfen Hund namens Jack, mag Pi\u00f1a Coladas, jedoch weniger (ohne Schirm) im Regen stehen gelassen zu werden.<\/p><\/blockquote>\r\n<!-- \/wp:quote -->\r\n\r\n<!-- wp:paragraph -->\r\n<p>...\u00a0oder so etwas wie:<\/p>\r\n<!-- \/wp:paragraph -->\r\n\r\n<!-- wp:quote -->\r\n<blockquote class=\"wp-block-quote\"><p>Das Unternehmen XYZ wurde 1971 gegr\u00fcndet und versorgt die \u00d6ffentlichkeit seither mit qualitativ hochwertigen Produkten. An seinem Standort in einer kleinen Gro\u00dfstadt besch\u00e4ftigt der Betrieb \u00fcber 2.000 Menschen und unterst\u00fctzt die Stadtbewohner in vielfacher Hinsicht.<\/p><\/blockquote>\r\n<!-- \/wp:quote -->\r\n\r\n<!-- wp:paragraph -->\r\n<p>Als neuer WordPress-Benutzer solltest du <a href=\"https:\/\/spaghetti-und-stars.com\/wp-admin\/\">dein Dashboard<\/a> aufrufen, um diese Seite zu l\u00f6schen und neue Seiten und Beitr\u00e4ge f\u00fcr deine Website erstellen. Viel Spa\u00df!<\/p>\r\n<!-- \/wp:paragraph -->","_et_gb_content_width":"","footnotes":""},"dipi_cpt_category":[],"class_list":["post-22991232","page","type-page","status-publish","hentry"],"yoast_head":"<!-- This site is optimized with the Yoast SEO plugin v27.4 - https:\/\/yoast.com\/product\/yoast-seo-wordpress\/ -->\n<title>Spaghetti und Stars - Ihr italienisches Restaurant in D\u00fcsseldorf<\/title>\n<meta name=\"description\" content=\"Verw\u00f6hnprogramm in behaglichem Ambiente in D\u00fcsseldorf-Oberkassel. Spaghetti und Stars Ihr italienisches Restaurant in D\u00fcsseldorf\" \/>\n<meta name=\"robots\" content=\"index, follow, max-snippet:-1, max-image-preview:large, max-video-preview:-1\" \/>\n<link rel=\"canonical\" href=\"https:\/\/spaghetti-und-stars.com\/en\/\" \/>\n<meta property=\"og:locale\" content=\"en_US\" \/>\n<meta property=\"og:type\" content=\"article\" \/>\n<meta property=\"og:title\" content=\"Spaghetti und Stars - Ihr italienisches Restaurant in D\u00fcsseldorf\" \/>\n<meta property=\"og:description\" content=\"Verw\u00f6hnprogramm in behaglichem Ambiente in D\u00fcsseldorf-Oberkassel. Spaghetti und Stars Ihr italienisches Restaurant in D\u00fcsseldorf\" \/>\n<meta property=\"og:url\" content=\"https:\/\/spaghetti-und-stars.com\/en\/\" \/>\n<meta property=\"og:site_name\" content=\"Spaghetti und Stars\" \/>\n<meta property=\"article:modified_time\" content=\"2025-09-25T12:40:15+00:00\" \/>\n<meta name=\"twitter:card\" content=\"summary_large_image\" \/>\n<meta name=\"twitter:label1\" content=\"Est. reading time\" \/>\n\t<meta name=\"twitter:data1\" content=\"3 minutes\" \/>\n<script type=\"application\/ld+json\" class=\"yoast-schema-graph\">{\"@context\":\"https:\\\/\\\/schema.org\",\"@graph\":[{\"@type\":\"WebPage\",\"@id\":\"https:\\\/\\\/spaghetti-und-stars.com\\\/en\\\/\",\"url\":\"https:\\\/\\\/spaghetti-und-stars.com\\\/en\\\/\",\"name\":\"Spaghetti und Stars - Ihr italienisches Restaurant in D\u00fcsseldorf\",\"isPartOf\":{\"@id\":\"https:\\\/\\\/spaghetti-und-stars.com\\\/en\\\/#website\"},\"datePublished\":\"2022-10-07T09:52:26+00:00\",\"dateModified\":\"2025-09-25T12:40:15+00:00\",\"description\":\"Verw\u00f6hnprogramm in behaglichem Ambiente in D\u00fcsseldorf-Oberkassel. Spaghetti und Stars Ihr italienisches Restaurant in D\u00fcsseldorf\",\"breadcrumb\":{\"@id\":\"https:\\\/\\\/spaghetti-und-stars.com\\\/en\\\/#breadcrumb\"},\"inLanguage\":\"en-US\",\"potentialAction\":[{\"@type\":\"ReadAction\",\"target\":[\"https:\\\/\\\/spaghetti-und-stars.com\\\/en\\\/\"]}]},{\"@type\":\"BreadcrumbList\",\"@id\":\"https:\\\/\\\/spaghetti-und-stars.com\\\/en\\\/#breadcrumb\",\"itemListElement\":[{\"@type\":\"ListItem\",\"position\":1,\"name\":\"Startseite\",\"item\":\"https:\\\/\\\/spaghetti-und-stars.com\\\/en\\\/\"},{\"@type\":\"ListItem\",\"position\":2,\"name\":\"Landingpage\"}]},{\"@type\":\"WebSite\",\"@id\":\"https:\\\/\\\/spaghetti-und-stars.com\\\/en\\\/#website\",\"url\":\"https:\\\/\\\/spaghetti-und-stars.com\\\/en\\\/\",\"name\":\"Spaghetti und Stars\",\"description\":\"Ihr italienisches Restaurant in D\u00fcsseldorf\",\"publisher\":{\"@id\":\"https:\\\/\\\/spaghetti-und-stars.com\\\/en\\\/#organization\"},\"potentialAction\":[{\"@type\":\"SearchAction\",\"target\":{\"@type\":\"EntryPoint\",\"urlTemplate\":\"https:\\\/\\\/spaghetti-und-stars.com\\\/en\\\/?s={search_term_string}\"},\"query-input\":{\"@type\":\"PropertyValueSpecification\",\"valueRequired\":true,\"valueName\":\"search_term_string\"}}],\"inLanguage\":\"en-US\"},{\"@type\":\"Organization\",\"@id\":\"https:\\\/\\\/spaghetti-und-stars.com\\\/en\\\/#organization\",\"name\":\"Spaghetti und Stars\",\"url\":\"https:\\\/\\\/spaghetti-und-stars.com\\\/en\\\/\",\"logo\":{\"@type\":\"ImageObject\",\"inLanguage\":\"en-US\",\"@id\":\"https:\\\/\\\/spaghetti-und-stars.com\\\/en\\\/#\\\/schema\\\/logo\\\/image\\\/\",\"url\":\"https:\\\/\\\/spaghetti-und-stars.com\\\/wp-content\\\/uploads\\\/2022\\\/10\\\/logo-spaghetti.png\",\"contentUrl\":\"https:\\\/\\\/spaghetti-und-stars.com\\\/wp-content\\\/uploads\\\/2022\\\/10\\\/logo-spaghetti.png\",\"width\":698,\"height\":135,\"caption\":\"Spaghetti und Stars\"},\"image\":{\"@id\":\"https:\\\/\\\/spaghetti-und-stars.com\\\/en\\\/#\\\/schema\\\/logo\\\/image\\\/\"}}]}<\/script>\n<!-- \/ Yoast SEO plugin. -->","yoast_head_json":{"title":"Spaghetti und Stars - Ihr italienisches Restaurant in D\u00fcsseldorf","description":"Verw\u00f6hnprogramm in behaglichem Ambiente in D\u00fcsseldorf-Oberkassel. Spaghetti und Stars Ihr italienisches Restaurant in D\u00fcsseldorf","robots":{"index":"index","follow":"follow","max-snippet":"max-snippet:-1","max-image-preview":"max-image-preview:large","max-video-preview":"max-video-preview:-1"},"canonical":"https:\/\/spaghetti-und-stars.com\/en\/","og_locale":"en_US","og_type":"article","og_title":"Spaghetti und Stars - Ihr italienisches Restaurant in D\u00fcsseldorf","og_description":"Verw\u00f6hnprogramm in behaglichem Ambiente in D\u00fcsseldorf-Oberkassel. Spaghetti und Stars Ihr italienisches Restaurant in D\u00fcsseldorf","og_url":"https:\/\/spaghetti-und-stars.com\/en\/","og_site_name":"Spaghetti und Stars","article_modified_time":"2025-09-25T12:40:15+00:00","twitter_card":"summary_large_image","twitter_misc":{"Est. reading time":"3 minutes"},"schema":{"@context":"https:\/\/schema.org","@graph":[{"@type":"WebPage","@id":"https:\/\/spaghetti-und-stars.com\/en\/","url":"https:\/\/spaghetti-und-stars.com\/en\/","name":"Spaghetti und Stars - Ihr italienisches Restaurant in D\u00fcsseldorf","isPartOf":{"@id":"https:\/\/spaghetti-und-stars.com\/en\/#website"},"datePublished":"2022-10-07T09:52:26+00:00","dateModified":"2025-09-25T12:40:15+00:00","description":"Verw\u00f6hnprogramm in behaglichem Ambiente in D\u00fcsseldorf-Oberkassel. Spaghetti und Stars Ihr italienisches Restaurant in D\u00fcsseldorf","breadcrumb":{"@id":"https:\/\/spaghetti-und-stars.com\/en\/#breadcrumb"},"inLanguage":"en-US","potentialAction":[{"@type":"ReadAction","target":["https:\/\/spaghetti-und-stars.com\/en\/"]}]},{"@type":"BreadcrumbList","@id":"https:\/\/spaghetti-und-stars.com\/en\/#breadcrumb","itemListElement":[{"@type":"ListItem","position":1,"name":"Startseite","item":"https:\/\/spaghetti-und-stars.com\/en\/"},{"@type":"ListItem","position":2,"name":"Landingpage"}]},{"@type":"WebSite","@id":"https:\/\/spaghetti-und-stars.com\/en\/#website","url":"https:\/\/spaghetti-und-stars.com\/en\/","name":"Spaghetti und Stars","description":"Ihr italienisches Restaurant in D\u00fcsseldorf","publisher":{"@id":"https:\/\/spaghetti-und-stars.com\/en\/#organization"},"potentialAction":[{"@type":"SearchAction","target":{"@type":"EntryPoint","urlTemplate":"https:\/\/spaghetti-und-stars.com\/en\/?s={search_term_string}"},"query-input":{"@type":"PropertyValueSpecification","valueRequired":true,"valueName":"search_term_string"}}],"inLanguage":"en-US"},{"@type":"Organization","@id":"https:\/\/spaghetti-und-stars.com\/en\/#organization","name":"Spaghetti und Stars","url":"https:\/\/spaghetti-und-stars.com\/en\/","logo":{"@type":"ImageObject","inLanguage":"en-US","@id":"https:\/\/spaghetti-und-stars.com\/en\/#\/schema\/logo\/image\/","url":"https:\/\/spaghetti-und-stars.com\/wp-content\/uploads\/2022\/10\/logo-spaghetti.png","contentUrl":"https:\/\/spaghetti-und-stars.com\/wp-content\/uploads\/2022\/10\/logo-spaghetti.png","width":698,"height":135,"caption":"Spaghetti und Stars"},"image":{"@id":"https:\/\/spaghetti-und-stars.com\/en\/#\/schema\/logo\/image\/"}}]}},"_links":{"self":[{"href":"https:\/\/spaghetti-und-stars.com\/en\/wp-json\/wp\/v2\/pages\/22991232","targetHints":{"allow":["GET"]}}],"collection":[{"href":"https:\/\/spaghetti-und-stars.com\/en\/wp-json\/wp\/v2\/pages"}],"about":[{"href":"https:\/\/spaghetti-und-stars.com\/en\/wp-json\/wp\/v2\/types\/page"}],"author":[{"embeddable":true,"href":"https:\/\/spaghetti-und-stars.com\/en\/wp-json\/wp\/v2\/users\/1"}],"replies":[{"embeddable":true,"href":"https:\/\/spaghetti-und-stars.com\/en\/wp-json\/wp\/v2\/comments?post=22991232"}],"version-history":[{"count":5,"href":"https:\/\/spaghetti-und-stars.com\/en\/wp-json\/wp\/v2\/pages\/22991232\/revisions"}],"predecessor-version":[{"id":22991320,"href":"https:\/\/spaghetti-und-stars.com\/en\/wp-json\/wp\/v2\/pages\/22991232\/revisions\/22991320"}],"wp:attachment":[{"href":"https:\/\/spaghetti-und-stars.com\/en\/wp-json\/wp\/v2\/media?parent=22991232"}],"wp:term":[{"taxonomy":"dipi_cpt_category","embeddable":true,"href":"https:\/\/spaghetti-und-stars.com\/en\/wp-json\/wp\/v2\/dipi_cpt_category?post=22991232"}],"curies":[{"name":"wp","href":"https:\/\/api.w.org\/{rel}","templated":true}]}}