{"id":22991132,"date":"2025-09-22T12:36:44","date_gmt":"2025-09-22T10:36:44","guid":{"rendered":"https:\/\/spaghetti-und-stars.com\/live-cooking\/"},"modified":"2025-09-25T14:29:44","modified_gmt":"2025-09-25T12:29:44","slug":"live-cooking","status":"publish","type":"page","link":"https:\/\/spaghetti-und-stars.com\/en\/live-cooking\/","title":{"rendered":"Live Cooking"},"content":{"rendered":"<p>[et_pb_section fb_built=&#8221;1&#8243; fullwidth=&#8221;on&#8221; _builder_version=&#8221;4.18.0&#8243; _module_preset=&#8221;default&#8221; background_image=&#8221;https:\/\/spaghetti-und-stars.com\/wp-content\/uploads\/2022\/10\/IMG_3690-1200.jpg&#8221; parallax=&#8221;on&#8221; parallax_method=&#8221;off&#8221; global_colors_info=&#8221;{}&#8221;][et_pb_fullwidth_header title=&#8221;Live Cooking&#8221; subhead=&#8221;Enjoyment that becomes an experience&#8221; header_scroll_down=&#8221;on&#8221; scroll_down_icon=&#8221;%%1%%&#8221; _builder_version=&#8221;4.27.4&#8243; _module_preset=&#8221;default&#8221; title_text_align=&#8221;center&#8221; title_font_size=&#8221;100px&#8221; subhead_text_align=&#8221;center&#8221; subhead_font_size=&#8221;20px&#8221; background_enable_color=&#8221;off&#8221; use_background_color_gradient=&#8221;on&#8221; background_color_gradient_stops=&#8221;rgba(255,255,255,0) 0%|rgba(0,0,0,0.81) 100%&#8221; background_color_gradient_overlays_image=&#8221;on&#8221; background_image=&#8221;https:\/\/spaghetti-und-stars.com\/wp-content\/uploads\/2025\/09\/showcooking.jpg&#8221; custom_padding=&#8221;30vh||30vh||true|false&#8221; hover_enabled=&#8221;0&#8243; title_font_size_tablet=&#8221;80px&#8221; title_font_size_phone=&#8221;70px&#8221; title_font_size_last_edited=&#8221;on|phone&#8221; subhead_font_size_tablet=&#8221;18px&#8221; subhead_font_size_phone=&#8221;16px&#8221; subhead_font_size_last_edited=&#8221;on|phone&#8221; global_colors_info=&#8221;{}&#8221; title_text=&#8221;Chef at the Pass Preparing a Dish of Ballotine of Chicken&#8221; sticky_enabled=&#8221;0&#8243;][\/et_pb_fullwidth_header][\/et_pb_section][et_pb_section fb_built=&#8221;1&#8243; _builder_version=&#8221;4.27.4&#8243; _module_preset=&#8221;default&#8221; background_image=&#8221;https:\/\/spaghetti-und-stars.com\/wp-content\/uploads\/2023\/01\/spaghetti_und_stars_antonio_impagnatiello_background.jpg&#8221; parallax=&#8221;on&#8221; parallax_method=&#8221;off&#8221; custom_css_main_element=&#8221;background-repeat: no-repeat; ||\tbackground-size:cover; ||\tbackground-attachment:fixed;&#8221; global_colors_info=&#8221;{}&#8221;][et_pb_row _builder_version=&#8221;4.27.4&#8243; _module_preset=&#8221;default&#8221; background_image=&#8221;https:\/\/spaghetti-und-stars.com\/wp-content\/uploads\/2025\/09\/bg_stars-scaled.png&#8221; background_size=&#8221;contain&#8221; background_position=&#8221;top_center&#8221; width=&#8221;90%&#8221; width_tablet=&#8221;90%&#8221; width_phone=&#8221;90%&#8221; width_last_edited=&#8221;on|desktop&#8221; max_width=&#8221;100%&#8221; module_alignment=&#8221;center&#8221; global_colors_info=&#8221;{}&#8221;][et_pb_column type=&#8221;4_4&#8243; _builder_version=&#8221;4.18.0&#8243; _module_preset=&#8221;default&#8221; global_colors_info=&#8221;{}&#8221;][et_pb_text _builder_version=&#8221;4.27.4&#8243; _module_preset=&#8221;default&#8221; text_orientation=&#8221;center&#8221; max_width=&#8221;1024px&#8221; module_alignment=&#8221;center&#8221; global_colors_info=&#8221;{}&#8221;]<\/p>\n<p>Live cooking turns culinary art into a stage show: the finest dishes are created right before your guests&#8217; eyes using fresh ingredients, skilled craftsmanship, and a dash of showmanship. Whether it&#8217;s fragrant pasta baked in a Parmesan wheel, freshly roasted specialties, or individually prepared delicacies, our chefs bring Mediterranean flair and a lively atmosphere directly to your event.<br \/>Live cooking creates intimacy, whets the appetite, and provides a talking point\u2014perfect for events that are meant to be remembered.<\/p>\n<p>[\/et_pb_text][et_pb_image src=&#8221;https:\/\/spaghetti-und-stars.com\/wp-content\/uploads\/2025\/09\/stars.png&#8221; title_text=&#8221;stars&#8221; align=&#8221;center&#8221; _builder_version=&#8221;4.27.4&#8243; _module_preset=&#8221;default&#8221; width_tablet=&#8221;120px&#8221; width_phone=&#8221;100px&#8221; width_last_edited=&#8221;on|desktop&#8221; custom_margin=&#8221;5vh||5vh||true|false&#8221; global_colors_info=&#8221;{}&#8221;][\/et_pb_image][dipi_faq faq_categories=&#8221;317&#8243; heading_tag=&#8221;h2&#8243; icon_animate=&#8221;on&#8221; icon_animate_delay=&#8221;on&#8221; icon_closed=&#8221;&#x4c;||divi||400&#8243; icon_open=&#8221;&#x4b;||divi||400&#8243; icon_open_color=&#8221;#C39B29&#8243; icon_closed_color=&#8221;#C39B29&#8243; icon_open_font_size=&#8221;30px&#8221; icon_closed_font_size=&#8221;30px&#8221; entry_background_closed=&#8221;rgba(0,0,0,0.5)&#8221; entry_background_open=&#8221;rgba(0,0,0,0.5)&#8221; entry_margin_closed=&#8221;||10px||false|false&#8221; title_background_closed=&#8221;RGBA(255,255,255,0)&#8221; title_background_open=&#8221;RGBA(255,255,255,0)&#8221; content_padding_open=&#8221;||0px||false|false&#8221; _builder_version=&#8221;4.27.4&#8243; _module_preset=&#8221;default&#8221; title_closed_font=&#8221;|700|||||||&#8221; title_closed_text_color=&#8221;#C39B29&#8243; title_closed_font_size=&#8221;50px&#8221; title_open_font=&#8221;|800|||||||&#8221; title_open_text_color=&#8221;#C39B29&#8243; max_width=&#8221;1024px&#8221; module_alignment=&#8221;center&#8221; title_closed_font_size_tablet=&#8221;30px&#8221; title_closed_font_size_phone=&#8221;25px&#8221; title_closed_font_size_last_edited=&#8221;on|phone&#8221; border_color_all_entries_closed=&#8221;RGBA(255,255,255,0)&#8221; border_width_bottom_entries_closed=&#8221;1px&#8221; border_color_bottom_entries_closed=&#8221;#C39B29&#8243; border_style_bottom_entries_closed=&#8221;dashed&#8221; border_color_all_entries_open=&#8221;RGBA(255,255,255,0)&#8221; global_colors_info=&#8221;{}&#8221;][\/dipi_faq][\/et_pb_column][\/et_pb_row][et_pb_row _builder_version=&#8221;4.27.4&#8243; _module_preset=&#8221;default&#8221; global_colors_info=&#8221;{}&#8221;][et_pb_column type=&#8221;4_4&#8243; _builder_version=&#8221;4.27.4&#8243; _module_preset=&#8221;default&#8221; global_colors_info=&#8221;{}&#8221;][et_pb_button button_url=&#8221;https:\/\/spaghetti-und-stars.com\/en\/contact\/&#8221; button_text=&#8221;Schedule an appointment now!&#8221; button_alignment=&#8221;center&#8221; _builder_version=&#8221;4.27.4&#8243; _module_preset=&#8221;default&#8221; global_colors_info=&#8221;{}&#8221;][\/et_pb_button][\/et_pb_column][\/et_pb_row][\/et_pb_section]<\/p>\n","protected":false},"excerpt":{"rendered":"<p>Live cooking turns culinary art into a stage show: the finest dishes are created right before your guests&#8217; eyes using fresh ingredients, skilled craftsmanship, and a dash of showmanship. Whether it&#8217;s fragrant pasta baked in a Parmesan wheel, freshly roasted specialties, or individually prepared delicacies, our chefs bring Mediterranean flair and a lively atmosphere directly [&hellip;]<\/p>\n","protected":false},"author":1,"featured_media":22991290,"parent":0,"menu_order":0,"comment_status":"closed","ping_status":"closed","template":"","meta":{"_et_pb_use_builder":"on","_et_pb_old_content":"[et_pb_section fb_built=\"1\" fullwidth=\"on\" _builder_version=\"4.18.0\" _module_preset=\"default\" background_image=\"https:\/\/spaghetti-und-stars.com\/wp-content\/uploads\/2022\/10\/IMG_3690-1200.jpg\" parallax=\"on\" parallax_method=\"off\" global_colors_info=\"{}\" theme_builder_area=\"post_content\"][et_pb_fullwidth_header title=\"Speisen & Getr\u00e4nke\" subhead=\"Die Freude am Genuss ist unser Lebensprinzip\" header_scroll_down=\"on\" scroll_down_icon=\"%%1%%\" _builder_version=\"4.18.0\" _module_preset=\"default\" title_text_align=\"center\" subhead_text_align=\"center\" subhead_font_size=\"25px\" background_enable_color=\"off\" use_background_color_gradient=\"on\" background_color_gradient_stops=\"rgba(255,255,255,0) 0%|rgba(0,0,0,0.81) 100%\" background_color_gradient_overlays_image=\"on\" background_image=\"https:\/\/spaghetti-und-stars.com\/wp-content\/uploads\/2022\/10\/sas-gallery-07.jpg\" parallax=\"on\" custom_padding=\"30vh||30vh||true|false\" subhead_font_size_tablet=\"22px\" subhead_font_size_phone=\"18px\" subhead_font_size_last_edited=\"on|phone\" global_colors_info=\"{}\" theme_builder_area=\"post_content\"][\/et_pb_fullwidth_header][\/et_pb_section][et_pb_section fb_built=\"1\" _builder_version=\"4.18.0\" _module_preset=\"default\" background_image=\"https:\/\/spaghetti-und-stars.com\/wp-content\/uploads\/2022\/10\/bg.jpg\" parallax=\"on\" parallax_method=\"off\" global_colors_info=\"{}\" theme_builder_area=\"post_content\"][et_pb_row _builder_version=\"4.18.0\" _module_preset=\"default\" global_colors_info=\"{}\" theme_builder_area=\"post_content\"][et_pb_column type=\"4_4\" _builder_version=\"4.18.0\" _module_preset=\"default\" global_colors_info=\"{}\" theme_builder_area=\"post_content\"][et_pb_text _builder_version=\"4.18.0\" _module_preset=\"default\" hover_enabled=\"0\" global_colors_info=\"{}\" theme_builder_area=\"post_content\" text_orientation=\"center\" sticky_enabled=\"0\"]\r\n<h2>Worauf haben Sie Lust - Fisch oder Fleisch?<\/h2>\r\nW\u00e4hlen Sie Ihr Hauptgericht und \u00fcberlassen uns das \u00dcbrige. Lehnen Sie sich zur\u00fcck und lassen Sie sich anstecken von unserem Lebensprinzip.\r\n\r\n[\/et_pb_text][et_pb_blurb title=\"Download Speisen- und Getr\u00e4nkekarte\" _builder_version=\"4.18.0\" _module_preset=\"default\" theme_builder_area=\"post_content\" use_icon=\"on\" font_icon=\"\uf019||fa||900\" header_level=\"h3\" header_font_size=\"18px\" header_text_align=\"center\" image_icon_width=\"40px\" link_option_url=\"https:\/\/spaghetti-und-stars.com\/wp-content\/uploads\/2022\/10\/SS_Speisekarte_web.pdf\" link_option_url_new_window=\"on\" hover_enabled=\"0\" sticky_enabled=\"0\"][\/et_pb_blurb][\/et_pb_column][\/et_pb_row][\/et_pb_section]","_et_gb_content_width":"","footnotes":""},"dipi_cpt_category":[],"class_list":["post-22991132","page","type-page","status-publish","has-post-thumbnail","hentry"],"yoast_head":"<!-- This site is optimized with the Yoast SEO plugin v27.4 - https:\/\/yoast.com\/product\/yoast-seo-wordpress\/ -->\n<title>Live Cooking - Spaghetti und Stars<\/title>\n<meta name=\"robots\" content=\"index, follow, max-snippet:-1, max-image-preview:large, max-video-preview:-1\" \/>\n<link rel=\"canonical\" href=\"https:\/\/spaghetti-und-stars.com\/en\/live-cooking\/\" \/>\n<meta property=\"og:locale\" content=\"en_US\" \/>\n<meta property=\"og:type\" content=\"article\" \/>\n<meta property=\"og:title\" content=\"Live Cooking - Spaghetti und Stars\" \/>\n<meta property=\"og:description\" content=\"Live cooking turns culinary art into a stage show: the finest dishes are created right before your guests&#039; eyes using fresh ingredients, skilled craftsmanship, and a dash of showmanship. Whether it&#039;s fragrant pasta baked in a Parmesan wheel, freshly roasted specialties, or individually prepared delicacies, our chefs bring Mediterranean flair and a lively atmosphere directly [&hellip;]\" \/>\n<meta property=\"og:url\" content=\"https:\/\/spaghetti-und-stars.com\/en\/live-cooking\/\" \/>\n<meta property=\"og:site_name\" content=\"Spaghetti und Stars\" \/>\n<meta property=\"article:modified_time\" content=\"2025-09-25T12:29:44+00:00\" \/>\n<meta property=\"og:image\" content=\"https:\/\/spaghetti-und-stars.com\/wp-content\/uploads\/2025\/09\/showcooking.jpg\" \/>\n\t<meta property=\"og:image:width\" content=\"1920\" \/>\n\t<meta property=\"og:image:height\" content=\"1280\" \/>\n\t<meta property=\"og:image:type\" content=\"image\/jpeg\" \/>\n<meta name=\"twitter:card\" content=\"summary_large_image\" \/>\n<meta name=\"twitter:image\" content=\"https:\/\/spaghetti-und-stars.com\/wp-content\/uploads\/2025\/09\/showcooking.jpg\" \/>\n<meta name=\"twitter:label1\" content=\"Est. reading time\" \/>\n\t<meta name=\"twitter:data1\" content=\"2 minutes\" \/>\n<script type=\"application\/ld+json\" class=\"yoast-schema-graph\">{\"@context\":\"https:\\\/\\\/schema.org\",\"@graph\":[{\"@type\":\"WebPage\",\"@id\":\"https:\\\/\\\/spaghetti-und-stars.com\\\/en\\\/live-cooking\\\/\",\"url\":\"https:\\\/\\\/spaghetti-und-stars.com\\\/en\\\/live-cooking\\\/\",\"name\":\"Live Cooking - Spaghetti und Stars\",\"isPartOf\":{\"@id\":\"https:\\\/\\\/spaghetti-und-stars.com\\\/en\\\/#website\"},\"primaryImageOfPage\":{\"@id\":\"https:\\\/\\\/spaghetti-und-stars.com\\\/en\\\/live-cooking\\\/#primaryimage\"},\"image\":{\"@id\":\"https:\\\/\\\/spaghetti-und-stars.com\\\/en\\\/live-cooking\\\/#primaryimage\"},\"thumbnailUrl\":\"https:\\\/\\\/spaghetti-und-stars.com\\\/wp-content\\\/uploads\\\/2025\\\/09\\\/showcooking.jpg\",\"datePublished\":\"2025-09-22T10:36:44+00:00\",\"dateModified\":\"2025-09-25T12:29:44+00:00\",\"breadcrumb\":{\"@id\":\"https:\\\/\\\/spaghetti-und-stars.com\\\/en\\\/live-cooking\\\/#breadcrumb\"},\"inLanguage\":\"en-US\",\"potentialAction\":[{\"@type\":\"ReadAction\",\"target\":[\"https:\\\/\\\/spaghetti-und-stars.com\\\/en\\\/live-cooking\\\/\"]}]},{\"@type\":\"ImageObject\",\"inLanguage\":\"en-US\",\"@id\":\"https:\\\/\\\/spaghetti-und-stars.com\\\/en\\\/live-cooking\\\/#primaryimage\",\"url\":\"https:\\\/\\\/spaghetti-und-stars.com\\\/wp-content\\\/uploads\\\/2025\\\/09\\\/showcooking.jpg\",\"contentUrl\":\"https:\\\/\\\/spaghetti-und-stars.com\\\/wp-content\\\/uploads\\\/2025\\\/09\\\/showcooking.jpg\",\"width\":1920,\"height\":1280,\"caption\":\"Lars Gourmet Aften 2024\"},{\"@type\":\"BreadcrumbList\",\"@id\":\"https:\\\/\\\/spaghetti-und-stars.com\\\/en\\\/live-cooking\\\/#breadcrumb\",\"itemListElement\":[{\"@type\":\"ListItem\",\"position\":1,\"name\":\"Startseite\",\"item\":\"https:\\\/\\\/spaghetti-und-stars.com\\\/en\\\/\"},{\"@type\":\"ListItem\",\"position\":2,\"name\":\"Live Cooking\"}]},{\"@type\":\"WebSite\",\"@id\":\"https:\\\/\\\/spaghetti-und-stars.com\\\/en\\\/#website\",\"url\":\"https:\\\/\\\/spaghetti-und-stars.com\\\/en\\\/\",\"name\":\"Spaghetti und Stars\",\"description\":\"Ihr italienisches Restaurant in D\u00fcsseldorf\",\"publisher\":{\"@id\":\"https:\\\/\\\/spaghetti-und-stars.com\\\/en\\\/#organization\"},\"potentialAction\":[{\"@type\":\"SearchAction\",\"target\":{\"@type\":\"EntryPoint\",\"urlTemplate\":\"https:\\\/\\\/spaghetti-und-stars.com\\\/en\\\/?s={search_term_string}\"},\"query-input\":{\"@type\":\"PropertyValueSpecification\",\"valueRequired\":true,\"valueName\":\"search_term_string\"}}],\"inLanguage\":\"en-US\"},{\"@type\":\"Organization\",\"@id\":\"https:\\\/\\\/spaghetti-und-stars.com\\\/en\\\/#organization\",\"name\":\"Spaghetti und Stars\",\"url\":\"https:\\\/\\\/spaghetti-und-stars.com\\\/en\\\/\",\"logo\":{\"@type\":\"ImageObject\",\"inLanguage\":\"en-US\",\"@id\":\"https:\\\/\\\/spaghetti-und-stars.com\\\/en\\\/#\\\/schema\\\/logo\\\/image\\\/\",\"url\":\"https:\\\/\\\/spaghetti-und-stars.com\\\/wp-content\\\/uploads\\\/2022\\\/10\\\/logo-spaghetti.png\",\"contentUrl\":\"https:\\\/\\\/spaghetti-und-stars.com\\\/wp-content\\\/uploads\\\/2022\\\/10\\\/logo-spaghetti.png\",\"width\":698,\"height\":135,\"caption\":\"Spaghetti und Stars\"},\"image\":{\"@id\":\"https:\\\/\\\/spaghetti-und-stars.com\\\/en\\\/#\\\/schema\\\/logo\\\/image\\\/\"}}]}<\/script>\n<!-- \/ Yoast SEO plugin. -->","yoast_head_json":{"title":"Live Cooking - Spaghetti und Stars","robots":{"index":"index","follow":"follow","max-snippet":"max-snippet:-1","max-image-preview":"max-image-preview:large","max-video-preview":"max-video-preview:-1"},"canonical":"https:\/\/spaghetti-und-stars.com\/en\/live-cooking\/","og_locale":"en_US","og_type":"article","og_title":"Live Cooking - Spaghetti und Stars","og_description":"Live cooking turns culinary art into a stage show: the finest dishes are created right before your guests' eyes using fresh ingredients, skilled craftsmanship, and a dash of showmanship. Whether it's fragrant pasta baked in a Parmesan wheel, freshly roasted specialties, or individually prepared delicacies, our chefs bring Mediterranean flair and a lively atmosphere directly [&hellip;]","og_url":"https:\/\/spaghetti-und-stars.com\/en\/live-cooking\/","og_site_name":"Spaghetti und Stars","article_modified_time":"2025-09-25T12:29:44+00:00","og_image":[{"width":1920,"height":1280,"url":"https:\/\/spaghetti-und-stars.com\/wp-content\/uploads\/2025\/09\/showcooking.jpg","type":"image\/jpeg"}],"twitter_card":"summary_large_image","twitter_image":"https:\/\/spaghetti-und-stars.com\/wp-content\/uploads\/2025\/09\/showcooking.jpg","twitter_misc":{"Est. reading time":"2 minutes"},"schema":{"@context":"https:\/\/schema.org","@graph":[{"@type":"WebPage","@id":"https:\/\/spaghetti-und-stars.com\/en\/live-cooking\/","url":"https:\/\/spaghetti-und-stars.com\/en\/live-cooking\/","name":"Live Cooking - Spaghetti und Stars","isPartOf":{"@id":"https:\/\/spaghetti-und-stars.com\/en\/#website"},"primaryImageOfPage":{"@id":"https:\/\/spaghetti-und-stars.com\/en\/live-cooking\/#primaryimage"},"image":{"@id":"https:\/\/spaghetti-und-stars.com\/en\/live-cooking\/#primaryimage"},"thumbnailUrl":"https:\/\/spaghetti-und-stars.com\/wp-content\/uploads\/2025\/09\/showcooking.jpg","datePublished":"2025-09-22T10:36:44+00:00","dateModified":"2025-09-25T12:29:44+00:00","breadcrumb":{"@id":"https:\/\/spaghetti-und-stars.com\/en\/live-cooking\/#breadcrumb"},"inLanguage":"en-US","potentialAction":[{"@type":"ReadAction","target":["https:\/\/spaghetti-und-stars.com\/en\/live-cooking\/"]}]},{"@type":"ImageObject","inLanguage":"en-US","@id":"https:\/\/spaghetti-und-stars.com\/en\/live-cooking\/#primaryimage","url":"https:\/\/spaghetti-und-stars.com\/wp-content\/uploads\/2025\/09\/showcooking.jpg","contentUrl":"https:\/\/spaghetti-und-stars.com\/wp-content\/uploads\/2025\/09\/showcooking.jpg","width":1920,"height":1280,"caption":"Lars Gourmet Aften 2024"},{"@type":"BreadcrumbList","@id":"https:\/\/spaghetti-und-stars.com\/en\/live-cooking\/#breadcrumb","itemListElement":[{"@type":"ListItem","position":1,"name":"Startseite","item":"https:\/\/spaghetti-und-stars.com\/en\/"},{"@type":"ListItem","position":2,"name":"Live Cooking"}]},{"@type":"WebSite","@id":"https:\/\/spaghetti-und-stars.com\/en\/#website","url":"https:\/\/spaghetti-und-stars.com\/en\/","name":"Spaghetti und Stars","description":"Ihr italienisches Restaurant in D\u00fcsseldorf","publisher":{"@id":"https:\/\/spaghetti-und-stars.com\/en\/#organization"},"potentialAction":[{"@type":"SearchAction","target":{"@type":"EntryPoint","urlTemplate":"https:\/\/spaghetti-und-stars.com\/en\/?s={search_term_string}"},"query-input":{"@type":"PropertyValueSpecification","valueRequired":true,"valueName":"search_term_string"}}],"inLanguage":"en-US"},{"@type":"Organization","@id":"https:\/\/spaghetti-und-stars.com\/en\/#organization","name":"Spaghetti und Stars","url":"https:\/\/spaghetti-und-stars.com\/en\/","logo":{"@type":"ImageObject","inLanguage":"en-US","@id":"https:\/\/spaghetti-und-stars.com\/en\/#\/schema\/logo\/image\/","url":"https:\/\/spaghetti-und-stars.com\/wp-content\/uploads\/2022\/10\/logo-spaghetti.png","contentUrl":"https:\/\/spaghetti-und-stars.com\/wp-content\/uploads\/2022\/10\/logo-spaghetti.png","width":698,"height":135,"caption":"Spaghetti und Stars"},"image":{"@id":"https:\/\/spaghetti-und-stars.com\/en\/#\/schema\/logo\/image\/"}}]}},"_links":{"self":[{"href":"https:\/\/spaghetti-und-stars.com\/en\/wp-json\/wp\/v2\/pages\/22991132","targetHints":{"allow":["GET"]}}],"collection":[{"href":"https:\/\/spaghetti-und-stars.com\/en\/wp-json\/wp\/v2\/pages"}],"about":[{"href":"https:\/\/spaghetti-und-stars.com\/en\/wp-json\/wp\/v2\/types\/page"}],"author":[{"embeddable":true,"href":"https:\/\/spaghetti-und-stars.com\/en\/wp-json\/wp\/v2\/users\/1"}],"replies":[{"embeddable":true,"href":"https:\/\/spaghetti-und-stars.com\/en\/wp-json\/wp\/v2\/comments?post=22991132"}],"version-history":[{"count":4,"href":"https:\/\/spaghetti-und-stars.com\/en\/wp-json\/wp\/v2\/pages\/22991132\/revisions"}],"predecessor-version":[{"id":22991303,"href":"https:\/\/spaghetti-und-stars.com\/en\/wp-json\/wp\/v2\/pages\/22991132\/revisions\/22991303"}],"wp:featuredmedia":[{"embeddable":true,"href":"https:\/\/spaghetti-und-stars.com\/en\/wp-json\/wp\/v2\/media\/22991290"}],"wp:attachment":[{"href":"https:\/\/spaghetti-und-stars.com\/en\/wp-json\/wp\/v2\/media?parent=22991132"}],"wp:term":[{"taxonomy":"dipi_cpt_category","embeddable":true,"href":"https:\/\/spaghetti-und-stars.com\/en\/wp-json\/wp\/v2\/dipi_cpt_category?post=22991132"}],"curies":[{"name":"wp","href":"https:\/\/api.w.org\/{rel}","templated":true}]}}